{"id":1351,"date":"2021-11-17T17:25:57","date_gmt":"2021-11-18T01:25:57","guid":{"rendered":"https:\/\/youngandpretty.com\/tre-hoa-am-dao\/"},"modified":"2021-11-24T19:02:05","modified_gmt":"2021-11-25T03:02:05","slug":"tre-hoa-am-dao","status":"publish","type":"page","link":"https:\/\/espanol.youngandpretty.com\/vi\/tre-hoa-am-dao\/","title":{"rendered":"Tr\u1ebb H\u00f3a V\u00f9ng K\u00edn &amp; \u00c2m \u0110\u1ea1o"},"content":{"rendered":"<div class=\"fusion-fullwidth fullwidth-box fusion-builder-row-1 fusion-flex-container nonhundred-percent-fullwidth non-hundred-percent-height-scrolling\" style=\"background-color: rgba(255,255,255,0);background-position: center center;background-repeat: no-repeat;border-width: 0px 0px 0px 0px;border-color:#e2e2e2;border-style:solid;\" ><div class=\"fusion-builder-row fusion-row fusion-flex-align-items-flex-start\" style=\"max-width:1248px;margin-left: calc(-4% \/ 2 );margin-right: calc(-4% \/ 2 );\"><div class=\"fusion-layout-column fusion_builder_column fusion-builder-column-0 fusion_builder_column_1_1 1_1 fusion-flex-column\"><div class=\"fusion-column-wrapper fusion-flex-justify-content-flex-start fusion-content-layout-column fusion-content-nowrap\" style=\"background-position:left top;background-repeat:no-repeat;-webkit-background-size:cover;-moz-background-size:cover;-o-background-size:cover;background-size:cover;padding: 0px 0px 0px 0px;\"><div class=\"fusion-text fusion-text-1\" style=\"color:#000000;\"><p><strong>Tr\u1ebb H\u00f3a V\u00f9ng K\u00edn &amp; \u00c2m \u0110\u1ea1o c\u00f2n \u0111\u01b0\u1ee3c g\u1ecdi l\u00e0 Thu H\u1eb9p \u00e2m \u0111\u1ea1o v\u00e0 Ch\u1ec9nh H\u00ecnh Tr\u1ebb H\u00f3a V\u00f9ng K\u00edn.<\/strong><\/p>\n<\/div><div ><span class=\" fusion-imageframe imageframe-none imageframe-1 hover-type-none\"><img decoding=\"async\" width=\"300\" height=\"289\" title=\"Noble Home 2 (6)\" src=\"https:\/\/espanol.youngandpretty.com\/wp-content\/uploads\/2021\/02\/Noble-Home-2-6-300x289.jpg\" alt class=\"img-responsive wp-image-1205\" srcset=\"https:\/\/espanol.youngandpretty.com\/wp-content\/uploads\/2021\/02\/Noble-Home-2-6-200x193.jpg 200w, https:\/\/espanol.youngandpretty.com\/wp-content\/uploads\/2021\/02\/Noble-Home-2-6-400x385.jpg 400w, https:\/\/espanol.youngandpretty.com\/wp-content\/uploads\/2021\/02\/Noble-Home-2-6.jpg 433w\" sizes=\"(max-width: 640px) 100vw, 300px\" \/><\/span><\/div><div class=\"fusion-text fusion-text-2\" style=\"color:#00bcd4;\"><p style=\"text-align: left;\"><strong>B\u00e1c s\u0129 Nguy\u1ec5n H\u1ea3i Tu\u1ea5n v\u00e0 \u00ea-k\u00edp ph\u1eabu thu\u1eadt t\u1ea1i Trung t\u00e2m ph\u1eabu thu\u1eadt ngo\u1ea1i tr\u00fa Noble Care \u0111\u00e3 th\u1ef1c hi\u1ec7n r\u1ea5t nhi\u1ec1u ca ph\u1eabu thu\u1eadt Tr\u1ebb H\u00f3a V\u00f9ng K\u00edn &amp; \u00c2m \u0110\u1ea1o (hay c\u00f2n g\u1ecdi l\u00e0 Se kh\u00edt \u00e2m \u0111\u1ea1o hay Ph\u1eabu thu\u1eadt t\u1ea1o h\u00ecnh \u00e2m \u0111\u1ea1o) cho r\u1ea5t nhi\u1ec1u b\u1ec7nh nh\u00e2n h\u00e0i l\u00f2ng. \u0110i\u1ec1u khi\u1ebfn nh\u00f3m c\u1ee7a ch\u00fang t\u00f4i b\u1ed1i r\u1ed1i l\u00e0 ch\u00fang t\u00f4i kh\u00f4ng th\u1ec3 quy\u1ebft \u0111\u1ecbnh l\u00e0m th\u1ebf n\u00e0o \u0111\u1ec3 \u0111\u0103ng \u1ea3nh \u1edf \u0111\u00e2y cho c\u00f4ng ch\u00fang. Tuy nhi\u00ean, b\u1ea1n c\u00f3 th\u1ec3 l\u1ea5y h\u1eb9n tham kh\u1ea3o t\u01b0 v\u1ea5n mi\u1ec5n ph\u00ed v\u1edbi B\u00e1c s\u0129 Nguy\u1ec5n H\u1ea3i Tu\u1ea5n v\u00e0 v\u1ea5n \u0111\u1ec1 n\u00e0y c\u00f3 th\u1ec3 \u0111\u01b0\u1ee3c th\u1ea3o lu\u1eadn v\u1edbi b\u1ea1n khi t\u01b0 v\u1ea5n.<\/strong><\/p>\n<p style=\"text-align: center;\">B\u1ea5m v\u00e0o b\u00ean d\u01b0\u1edbi \u0111\u1ec3 L\u1ea4Y H\u1eb8N THAM KH\u1ea2O MI\u1ec4N PH\u00cd qua Facebook.<\/p>\n<\/div><a class=\"fb-icon-element-1 fb-icon-element fontawesome-icon fa-facebook-f fab circle-yes fusion-link\" style=\"font-size:28.16px;line-height:56.32px;height:56.32px;width:56.32px;border-width:0px;border-radius:50% 50% 50% 50%;margin: 0px;\" href=\"https:\/\/www.facebook.com\/NCOSC\/\" aria-label=\"Link to https:\/\/www.facebook.com\/NCOSC\/\" target=\"_blank\" rel=\"noopener noreferrer\"><\/a><style>a.fb-icon-element.fontawesome-icon.fb-icon-element-1{ color: #4a9898; background-color: #efefef; border-color: #4a4e57;}a.fb-icon-element.fontawesome-icon.fb-icon-element-1:hover { color: #ffffff; background-color: #4a9898; border-color: #4a9898;}a.fb-icon-element.fontawesome-icon.fb-icon-element-1{ align-self:center;}<\/style><\/div><style type=\"text\/css\">.fusion-body .fusion-builder-column-0{width:100% !important;margin-top : 0px;margin-bottom : 0px;}.fusion-builder-column-0 > .fusion-column-wrapper {padding-top : 0px !important;padding-right : 0px !important;margin-right : 1.92%;padding-bottom : 0px !important;padding-left : 0px !important;margin-left : 1.92%;}@media only screen and (max-width:1024px) {.fusion-body .fusion-builder-column-0{width:100% !important;order : 0;}.fusion-builder-column-0 > .fusion-column-wrapper {margin-right : 1.92%;margin-left : 1.92%;}}@media only screen and (max-width:640px) {.fusion-body .fusion-builder-column-0{width:100% !important;order : 0;}.fusion-builder-column-0 > .fusion-column-wrapper {margin-right : 1.92%;margin-left : 1.92%;}}<\/style><\/div><\/div><style type=\"text\/css\">.fusion-body .fusion-flex-container.fusion-builder-row-1{ padding-top : 0px;margin-top : 0px;padding-right : 0px;padding-bottom : 0px;margin-bottom : 0px;padding-left : 0px;}<\/style><\/div>\n","protected":false},"excerpt":{"rendered":"","protected":false},"author":3,"featured_media":0,"parent":0,"menu_order":0,"comment_status":"closed","ping_status":"closed","template":"","meta":{"footnotes":""},"class_list":["post-1351","page","type-page","status-publish","hentry"],"_links":{"self":[{"href":"https:\/\/espanol.youngandpretty.com\/vi\/wp-json\/wp\/v2\/pages\/1351","targetHints":{"allow":["GET"]}}],"collection":[{"href":"https:\/\/espanol.youngandpretty.com\/vi\/wp-json\/wp\/v2\/pages"}],"about":[{"href":"https:\/\/espanol.youngandpretty.com\/vi\/wp-json\/wp\/v2\/types\/page"}],"author":[{"embeddable":true,"href":"https:\/\/espanol.youngandpretty.com\/vi\/wp-json\/wp\/v2\/users\/3"}],"replies":[{"embeddable":true,"href":"https:\/\/espanol.youngandpretty.com\/vi\/wp-json\/wp\/v2\/comments?post=1351"}],"version-history":[{"count":14,"href":"https:\/\/espanol.youngandpretty.com\/vi\/wp-json\/wp\/v2\/pages\/1351\/revisions"}],"predecessor-version":[{"id":2027,"href":"https:\/\/espanol.youngandpretty.com\/vi\/wp-json\/wp\/v2\/pages\/1351\/revisions\/2027"}],"wp:attachment":[{"href":"https:\/\/espanol.youngandpretty.com\/vi\/wp-json\/wp\/v2\/media?parent=1351"}],"curies":[{"name":"wp","href":"https:\/\/api.w.org\/{rel}","templated":true}]}}